{"id":566,"date":"2019-11-19T10:36:04","date_gmt":"2019-11-19T10:36:04","guid":{"rendered":"https:\/\/hercing.com\/wp\/?page_id=566"},"modified":"2020-12-23T08:46:58","modified_gmt":"2020-12-23T08:46:58","slug":"auto-draft","status":"publish","type":"page","link":"https:\/\/hercing.com\/index.php\/en\/","title":{"rendered":"Home Page"},"content":{"rendered":"<p>[vc_row dt_no_mb=&#8221;no-margin&#8221; bg_color=&#8221;#ffffff&#8221; dt_id=&#8221;hello&#8221;][vc_column][rev_slider_vc alias=&#8221;fullscreen-image-slider&#8221;][\/vc_column][\/vc_row][vc_row dt_no_mb=&#8221;no-margin&#8221; bg_color=&#8221;#fafafa&#8221; dt_padding_top=&#8221;100&#8243; dt_padding_bottom=&#8221;100&#8243; dt_id=&#8221;about&#8221; bg_image=&#8221;224&#8243;][vc_column][vc_row_inner][vc_column_inner]<div class=\"dt-title-wrapper\"><h1 class=\"section-title\">Mi imamo rje\u0161enje za Vas<\/h1><\/div><div style=\"clear:both; width:100%; height:60px\"><\/div>[\/vc_column_inner][\/vc_row_inner][vc_row_inner][vc_column_inner width=&#8221;1\/3&#8243; css_animation=&#8221;bottom-to-top&#8221;][vc_column_text]<\/p>\n<h2><strong>GRADITE.<\/strong><\/h2>\n<p>Ukoliko ste odlu\u010dili da gradite novi objekat stambene ili poslovne namjene ili ukoliko adaptirate ve\u0107 postoje\u0107i objekat ili mo\u017eda samo razmi\u0161ljate o ne\u010demu od navedenog nalazite se na pravoj adresi.[\/vc_column_text][\/vc_column_inner][vc_column_inner width=&#8221;1\/3&#8243; css_animation=&#8221;bottom-to-top&#8221;][vc_column_text]<\/p>\n<h2><strong>ADAPTIRATE.<\/strong><\/h2>\n<p>Sed ut perspiciatis unde omnis iste natus error sit voluptatem accusantium doloremque laudantium, totam rem aperiam, eaque ipsa quae ab illo inventore.[\/vc_column_text][\/vc_column_inner][vc_column_inner width=&#8221;1\/3&#8243; css_animation=&#8221;bottom-to-top&#8221;][vc_column_text]<\/p>\n<h2><strong>WE`RE CREATIVE.<\/strong><\/h2>\n<p>Sed ut perspiciatis unde omnis iste natus error sit voluptatem accusantium doloremque laudantium, totam rem aperiam, eaque ipsa quae ab illo inventore.[\/vc_column_text][\/vc_column_inner][\/vc_row_inner][vc_row_inner][vc_column_inner][vc_separator][\/vc_column_inner][\/vc_row_inner][vc_row_inner][vc_column_inner width=&#8221;2\/3&#8243; css_animation=&#8221;bottom-to-top&#8221;][vc_column_text]<\/p>\n<h2><strong>O NAMA<br \/>\n<\/strong><\/h2>\n<p>Firma HERCING d.o.o. Sarajevo osnovana je 1991.godine i 100% je u privatnom vlasni\u0161tvu.<\/p>\n<p>Gra\u0111evinskog je profila i bavi se projektovanjem, nadzorom, in\u017einjering poslovima i izvo\u0111enjem gra\u0111evinsko zanatskih radova.<\/p>\n<p>HERCING d.o.o. Sarajevo upo\u0161ljava radnike razli\u010ditih profila koji su osposobljeni za izvo\u0111enje svih faza radova na konstrukcijama objekata, kao i dovoljan broj uhodanih kooperanata za izvo\u0111enje gra\u0111evinsko zanatskih radova za sva podru\u010dja visokogradnje.<\/p>\n<p>Bitno je naglasiti da smo imali dosta uspje\u0161no zavr\u0161enih poslova na podru\u010dju Kantona Sarajevo, pa i \u0161ire.<\/p>\n<p>Radovi koje izvodimo: molersko-farbarski radovi, fasaderski radovi, gipsarski radovi (sistem suhe gradnje), armirano-betonski radovi, krovopokriva\u010dki radovi, instalaterski radovi (elektroinstalacije i vodoinstalacije),<\/p>\n<p>Na\u0161e najbolje referense su na\u0161i zadovoljni investitori i kupci.[\/vc_column_text][\/vc_column_inner][vc_column_inner width=&#8221;1\/3&#8243;]<div style=\"clear:both; width:100%; height:20px\"><\/div>[vc_video link=&#8221;https:\/\/youtu.be\/aIJ88CRv_AM&#8221; title=&#8221;Herc Resort&#8221;][\/vc_column_inner][\/vc_row_inner][\/vc_column][\/vc_row][vc_row equal_height=&#8221;yes&#8221; dt_no_mb=&#8221;no-margin&#8221; bg_color=&#8221;#ffffff&#8221; dt_color_opacity=&#8221;100&#8243; dt_padding_top=&#8221;100&#8243; dt_padding_bottom=&#8221;100&#8243; dt_id=&#8221;projekti&#8221;][vc_column][vc_row_inner equal_height=&#8221;yes&#8221;][vc_column_inner css_animation=&#8221;top-to-bottom&#8221;]<div class=\"dt-title-wrapper\"><h1 class=\"section-title\">Na\u0161i projekti<\/h1><\/div>[\/vc_column_inner][vc_column_inner]<section class=\"patti-grid\" id=\"gridwrapper_faf\" data-token=\"etXsF\"><section id=\"options\"><ul id=\"filters\" class=\"option-set clearfix\" data-option-key=\"filter\"><li class=\"all-projects\"><a href=\"#filter\" data-option-value=\"*\" class=\"selected active\">All<\/a><\/li><li><a href=\"#filter\" data-option-value=\".0\">Design<\/a><\/li><li><a href=\"#filter\" data-option-value=\".44\">Enterijeri<\/a><\/li><li><a href=\"#filter\" data-option-value=\".43\">Naselja<\/a><\/li><li><a href=\"#filter\" data-option-value=\".0\">Poslovni<\/a><\/li><li><a href=\"#filter\" data-option-value=\".47\">Saloni ljepote<\/a><\/li><li><a href=\"#filter\" data-option-value=\".0\">Sportski<\/a><\/li><li><a href=\"#filter\" data-option-value=\".0\">Ugostiteljstvo<\/a><\/li><li><a href=\"#filter\" data-option-value=\".0\">Vjerski objekti<\/a><\/li><\/ul><\/section><div class=\"space\"><\/div><section id=\"portfolio-wrapper\"><ul class=\"portfolio grid isotope grid_faf\"><li class=\"grid-item dt-project-933 44 48  item-long\"><a href=\"https:\/\/hercing.com\/index.php\/portfolio\/apartmani-mostar\/\"><div class=\"grid-item-on-hover\"><div class=\"grid-text\"><h3>Apartmani Mostar<\/h3><\/div><div><span>Enterijeri, Ugostiteljski objekti<\/span><\/div><\/div><img class=\"lazy\" data-original=\"https:\/\/hercing.com\/wp-content\/uploads\/2020\/06\/f1-762x295.jpg\" alt=\"\" \/><\/a><\/li><li class=\"grid-item dt-project-918 44  item-long\"><a href=\"https:\/\/hercing.com\/index.php\/portfolio\/apartman-4\/\"><div class=\"grid-item-on-hover\"><div class=\"grid-text\"><h3>Apartman 4<\/h3><\/div><div><span>Enterijeri<\/span><\/div><\/div><img class=\"lazy\" data-original=\"https:\/\/hercing.com\/wp-content\/uploads\/2014\/03\/DNEVNI-5-762x295.jpg\" alt=\"\" \/><\/a><\/li><li class=\"grid-item dt-project-915 44 50  item-small\"><a href=\"https:\/\/hercing.com\/index.php\/portfolio\/poslovna-zgrada-valuna\/\"><div class=\"grid-item-on-hover\"><div class=\"grid-text\"><h3>Poslovna zgrada &#8220;Valuna&#8221;<\/h3><\/div><div><span>Enterijeri, Poslovni prostori<\/span><\/div><\/div><img class=\"lazy\" data-original=\"https:\/\/hercing.com\/wp-content\/uploads\/2020\/03\/valuna-1-379x295.jpg\" alt=\"\" \/><\/a><\/li><li class=\"grid-item dt-project-897 43 49  item-long\"><a href=\"https:\/\/hercing.com\/index.php\/portfolio\/projekat-modernog-naselja\/\"><div class=\"grid-item-on-hover\"><div class=\"grid-text\"><h3>Projekat modernog naselja<\/h3><\/div><div><span>Naselja, Total design<\/span><\/div><\/div><img class=\"lazy\" data-original=\"https:\/\/hercing.com\/wp-content\/uploads\/2019\/11\/3-3d_Page_14-762x295.jpg\" alt=\"\" \/><\/a><\/li><li class=\"grid-item dt-project-889 44  item-long\"><a href=\"https:\/\/hercing.com\/index.php\/portfolio\/apartman-3\/\"><div class=\"grid-item-on-hover\"><div class=\"grid-text\"><h3>Apartman 3<\/h3><\/div><div><span>Enterijeri<\/span><\/div><\/div><img class=\"lazy\" data-original=\"https:\/\/hercing.com\/wp-content\/uploads\/2020\/03\/hiseta-1-762x295.jpg\" alt=\"\" \/><\/a><\/li><li class=\"grid-item dt-project-661 44 102  item-wide\"><a href=\"https:\/\/hercing.com\/index.php\/portfolio\/stomatoloska-ordinacija-cekro\/\"><div class=\"grid-item-on-hover\"><div class=\"grid-text\"><h3>Stomatolo\u0161ka ordinacija &#8220;\u010cekro&#8221;<\/h3><\/div><div><span>Enterijeri, Zdravstvene ustanove<\/span><\/div><\/div><img class=\"lazy\" data-original=\"https:\/\/hercing.com\/wp-content\/uploads\/2020\/03\/8-762x592.jpg\" alt=\"\" \/><\/a><\/li><li class=\"grid-item dt-project-455 51 43  item-long\"><a href=\"https:\/\/hercing.com\/index.php\/portfolio\/rakovica\/\"><div class=\"grid-item-on-hover\"><div class=\"grid-text\"><h3>Projekat stambenih vila<\/h3><\/div><div><span>Gra\u0111evinski radovi, Naselja<\/span><\/div><\/div><img class=\"lazy\" data-original=\"https:\/\/hercing.com\/wp-content\/uploads\/2019\/11\/IMG_9101-762x295.jpg\" alt=\"\" \/><\/a><\/li><li class=\"grid-item dt-project-437 44  item-wide\"><a href=\"https:\/\/hercing.com\/index.php\/portfolio\/apartman-2\/\"><div class=\"grid-item-on-hover\"><div class=\"grid-text\"><h3>Apartman 1<\/h3><\/div><div><span>Enterijeri<\/span><\/div><\/div><img class=\"lazy\" data-original=\"https:\/\/hercing.com\/wp-content\/uploads\/2019\/11\/POGLED-NA-DNEVNI-762x592.jpg\" alt=\"\" \/><\/a><\/li><li class=\"grid-item dt-project-431 44  item-long\"><a href=\"https:\/\/hercing.com\/index.php\/portfolio\/apartman-1\/\"><div class=\"grid-item-on-hover\"><div class=\"grid-text\"><h3>Apartman 2<\/h3><\/div><div><span>Enterijeri<\/span><\/div><\/div><img class=\"lazy\" data-original=\"https:\/\/hercing.com\/wp-content\/uploads\/2019\/11\/Binder1_Page_06-762x295.jpg\" alt=\"\" \/><\/a><\/li><li class=\"grid-item dt-project-404 47  item-long\"><a href=\"https:\/\/hercing.com\/index.php\/portfolio\/salon-ljepote-1-2\/\"><div class=\"grid-item-on-hover\"><div class=\"grid-text\"><h3>Salon ljepote 1<\/h3><\/div><div><span>Saloni ljepote<\/span><\/div><\/div><img class=\"lazy\" data-original=\"https:\/\/hercing.com\/wp-content\/uploads\/2019\/11\/RENDERI-3.-PROSTORIJA-2-762x295.jpg\" alt=\"\" \/><\/a><\/li><li class=\"grid-item dt-project-397 47  item-small\"><a href=\"https:\/\/hercing.com\/index.php\/portfolio\/salon-ljepote-2\/\"><div class=\"grid-item-on-hover\"><div class=\"grid-text\"><h3>Salon ljepote 2<\/h3><\/div><div><span>Saloni ljepote<\/span><\/div><\/div><img class=\"lazy\" data-original=\"https:\/\/hercing.com\/wp-content\/uploads\/2019\/11\/ULAZ-1-Copy-379x295.jpg\" alt=\"\" \/><\/a><\/li><li class=\"grid-item dt-project-58 43 41  item-wide\"><a href=\"https:\/\/hercing.com\/index.php\/portfolio\/herc-resort\/\"><div class=\"grid-item-on-hover\"><div class=\"grid-text\"><h3>Herc Resort<\/h3><\/div><div><span>Naselja, Projekti<\/span><\/div><\/div><img class=\"lazy\" data-original=\"https:\/\/hercing.com\/wp-content\/uploads\/2019\/11\/EKSTERIJER-SAOBRACAJNICA-UNUTRASNJA-1-762x592.jpg\" alt=\"\" \/><\/a><\/li><\/ul><\/section><\/section><div class=\"space\"><\/div>[\/vc_column_inner][\/vc_row_inner][\/vc_column][\/vc_row][vc_row video_raster=&#8221;yes&#8221; dt_text_scheme=&#8221;darker-overlay&#8221; dt_no_mb=&#8221;no-margin&#8221; bg_color=&#8221;#000000&#8243; dt_color_opacity=&#8221;70&#8243; dt_padding_top=&#8221;100&#8243; dt_padding_bottom=&#8221;100&#8243; dt_youtube_url=&#8221;https:\/\/youtu.be\/8lXpdCXKb1U&#8221; dt_id=&#8221;twitter&#8221; bg_image=&#8221;109&#8243;][vc_column][vc_row_inner][vc_column_inner]<div class=\"dt-title-wrapper\"><h1 class=\"section-title\">Herc Resort<\/h1><\/div><h2 class=\"section-tagline\">Luxury villas in constructions for sale in Sarajevo.<\/h2><div style=\"clear:both; width:100%; height:60px\"><\/div>[\/vc_column_inner][\/vc_row_inner][vc_row_inner][vc_column_inner][vc_column_text]<\/p>\n<h3 style=\"text-align: center;\"><strong>Villas are located in natural oasis environment in Sarajevo, Bosnia and Heregovina.<\/strong><\/h3>\n<h3 style=\"text-align: center;\"><strong>Fro more informations: +387 66 654 625<\/strong><\/h3>\n<p>[\/vc_column_text][\/vc_column_inner][\/vc_row_inner][\/vc_column][\/vc_row][vc_row equal_height=&#8221;yes&#8221; dt_no_mb=&#8221;no-margin&#8221; bg_type=&#8221;bg_color&#8221; bg_color=&#8221;#ffffff&#8221; dt_color_opacity=&#8221;100&#8243; dt_padding_top=&#8221;100&#8243; dt_padding_bottom=&#8221;100&#8243; dt_id=&#8221;referense&#8221; bg_color_value=&#8221;#f9f9fb&#8221;][vc_column][vc_row_inner][vc_column_inner css_animation=&#8221;top-to-bottom&#8221;]<div class=\"dt-title-wrapper\"><h1 class=\"section-title\">Na\u0161e referense<\/h1><\/div>[\/vc_column_inner][vc_column_inner]<section class=\"patti-grid\" id=\"gridwrapper_cbc\" data-token=\"nc5tt\"><section id=\"options\"><ul id=\"filters\" class=\"option-set clearfix\" data-option-key=\"filter\"><li class=\"all-projects\"><a href=\"#filter\" data-option-value=\"*\" class=\"selected active\">All<\/a><\/li><li><a href=\"#filter\" data-option-value=\".51\">Gra\u0111evinski radovi<\/a><\/li><li><a href=\"#filter\" data-option-value=\".53\">Sanacije<\/a><\/li><li><a href=\"#filter\" data-option-value=\".52\">Zavr\u0161ni radovi<\/a><\/li><\/ul><\/section><div class=\"space\"><\/div><section id=\"portfolio-wrapper\"><ul class=\"portfolio grid isotope grid_cbc\"><li class=\"grid-item dt-project-461 50 52  item-small\"><a href=\"https:\/\/hercing.com\/index.php\/portfolio\/carinski-terminal-rajlovac\/\"><div class=\"grid-item-on-hover\"><div class=\"grid-text\"><h3>Poslovni objekat<\/h3><\/div><div><span>Poslovni prostori, Zavr\u0161ni radovi<\/span><\/div><\/div><img class=\"lazy\" data-original=\"https:\/\/hercing.com\/wp-content\/uploads\/2019\/11\/IMG_20160201_100827-379x295.jpg\" alt=\"\" \/><\/a><\/li><li class=\"grid-item dt-project-481 108 52  item-wide\"><a href=\"https:\/\/hercing.com\/index.php\/portfolio\/sarajevo-waves-otes\/\"><div class=\"grid-item-on-hover\"><div class=\"grid-text\"><h3>Sarajevo Waves &#8211; Otes<\/h3><\/div><div><span>Stambeno-poslovni objekti, Zavr\u0161ni radovi<\/span><\/div><\/div><img class=\"lazy\" data-original=\"https:\/\/hercing.com\/wp-content\/uploads\/2019\/11\/IMG_20151215_122007-762x592.jpg\" alt=\"\" \/><\/a><\/li><li class=\"grid-item dt-project-470 51 50 49  item-small\"><a href=\"https:\/\/hercing.com\/index.php\/portfolio\/cip-sistemi\/\"><div class=\"grid-item-on-hover\"><div class=\"grid-text\"><h3>Poslovna zgrada &#8220;\u010cip Sistemi&#8221;<\/h3><\/div><div><span>Gra\u0111evinski radovi, Poslovni prostori, Total design<\/span><\/div><\/div><img class=\"lazy\" data-original=\"https:\/\/hercing.com\/wp-content\/uploads\/2020\/03\/cip-sistemi-2-19-379x295.jpg\" alt=\"\" \/><\/a><\/li><li class=\"grid-item dt-project-449 53 48  item-wide\"><a href=\"https:\/\/hercing.com\/index.php\/portfolio\/mixer\/\"><div class=\"grid-item-on-hover\"><div class=\"grid-text\"><h3>Mikser house Sarajevo<\/h3><\/div><div><span>Sanacije, Ugostiteljski objekti<\/span><\/div><\/div><img class=\"lazy\" data-original=\"https:\/\/hercing.com\/wp-content\/uploads\/2019\/11\/IMG_4221-762x592.jpg\" alt=\"\" \/><\/a><\/li><li class=\"grid-item dt-project-511 108 52  item-high\"><a href=\"https:\/\/hercing.com\/index.php\/portfolio\/dolina-sunca-mostar\/\"><div class=\"grid-item-on-hover\"><div class=\"grid-text\"><h3>Dolina Sunca &#8211; Mostar<\/h3><\/div><div><span>Stambeno-poslovni objekti, Zavr\u0161ni radovi<\/span><\/div><\/div><img class=\"lazy\" data-original=\"https:\/\/hercing.com\/wp-content\/uploads\/2019\/11\/20180331_120053-379x592.jpg\" alt=\"\" \/><\/a><\/li><li class=\"grid-item dt-project-524 51 49  item-wide\"><a href=\"https:\/\/hercing.com\/index.php\/portfolio\/stambeni-objekat-alwan\/\"><div class=\"grid-item-on-hover\"><div class=\"grid-text\"><h3>Privatna vila &#8211; &#8220;Alwan&#8221;<\/h3><\/div><div><span>Gra\u0111evinski radovi, Total design<\/span><\/div><\/div><img class=\"lazy\" data-original=\"https:\/\/hercing.com\/wp-content\/uploads\/2019\/11\/image-0-02-01-9f05954ff59389243be15c0cb125191ff82e9b6001516688bc03de8f1c530103-V-762x592.jpg\" alt=\"\" \/><\/a><\/li><li class=\"grid-item dt-project-455 51 43  item-long\"><a href=\"https:\/\/hercing.com\/index.php\/portfolio\/rakovica\/\"><div class=\"grid-item-on-hover\"><div class=\"grid-text\"><h3>Projekat stambenih vila<\/h3><\/div><div><span>Gra\u0111evinski radovi, Naselja<\/span><\/div><\/div><img class=\"lazy\" data-original=\"https:\/\/hercing.com\/wp-content\/uploads\/2019\/11\/IMG_9101-762x295.jpg\" alt=\"\" \/><\/a><\/li><\/ul><\/section><\/section><div class=\"space\"><\/div>[\/vc_column_inner][\/vc_row_inner][\/vc_column][\/vc_row][vc_row dt_no_mb=&#8221;no-margin&#8221; bg_color=&#8221;#ffffff&#8221; dt_padding_top=&#8221;100&#8243; dt_padding_bottom=&#8221;100&#8243; dt_id=&#8221;usluge&#8221;][vc_column][vc_row_inner][vc_column_inner]<div class=\"dt-title-wrapper\"><h1 class=\"section-title\">Na\u0161e usluge<\/h1><\/div><h2 class=\"section-tagline\">Tokom izvo\u0111enja radova primjenjujemo savremenu tehnologiju gra\u0111enja, koriste\u0107i se najboljim materijalima, \u010dime posti\u017eemo visok kvalitet izgra\u0111enih objekata i izvedenih radova uz optimalne cijene.<\/h2>[\/vc_column_inner][\/vc_row_inner]<div style=\"clear:both; width:100%; height:60px\"><\/div>[vc_row_inner][vc_column_inner width=&#8221;1\/3&#8243; css_animation=&#8221;bottom-to-top&#8221;][vc_column_text]<div class=\"team-member\"><a href=\"https:\/\/hercing.com\/wp-content\/uploads\/2014\/03\/IMG_20150630_145508.jpg\" rel=\"prettyPhoto\" title=\"Gra\u0111evinski radovi\"><span class=\"item-on-hover\"><span class=\"hover-image\"><i class=\"fa fa-search\"><\/i><\/span><\/span><img alt=\"Gra\u0111evinski radovi\" class=\"lazy grayscale\" data-original=\"https:\/\/hercing.com\/wp-content\/uploads\/2014\/03\/IMG_20150630_145508.jpg\" width=\"640\"  height=\"480\" \/><\/a><div class=\"team-text\"><h3><span>Gra\u0111evinski radovi<\/span><\/h3><p>Izvodimo sve vrste gra\u0111evinskih radova: gradnja, adaptacije, rekonstrukcije, zemljani radovi, betonski i armirano-betonski, zidarski, tesarski, fasaderski, limarski i bravarski.<\/p><\/div><div class=\"team-social\"><\/div><\/div>[\/vc_column_text][\/vc_column_inner][vc_column_inner width=&#8221;1\/3&#8243; css_animation=&#8221;bottom-to-top&#8221;][vc_column_text]<div class=\"team-member\"><a href=\"https:\/\/hercing.com\/wp-content\/uploads\/2014\/03\/IMG_20160215_170526.jpg\" rel=\"prettyPhoto\" title=\"Zavr\u0161ni radovi u gra\u0111evinarstvu\"><span class=\"item-on-hover\"><span class=\"hover-image\"><i class=\"fa fa-search\"><\/i><\/span><\/span><img alt=\"Zavr\u0161ni radovi u gra\u0111evinarstvu\" class=\"lazy grayscale\" data-original=\"https:\/\/hercing.com\/wp-content\/uploads\/2014\/03\/IMG_20160215_170526.jpg\" width=\"640\"  height=\"480\" \/><\/a><div class=\"team-text\"><h3><span>Zavr\u0161ni radovi u gra\u0111evinarstvu<\/span><\/h3><p>Izrada i popravak fasada na stambenim i poslovnim objektima, izravnavanje zidova, gletovanje i izrada unutra\u0161njih fasada, molersko-farbarski radovi, kerami\u010darski radovi, instalaterski radovi (elektroinstalacije i vodoinstalacije), gipserski (KNAUF\/RIGIPS) radovi (spu\u0161teni stropovi, pregradni zidovi, obloge,...), parketarski radovi i stolarski radovi.<\/p><\/div><div class=\"team-social\"><\/div><\/div>[\/vc_column_text][\/vc_column_inner][vc_column_inner width=&#8221;1\/3&#8243; css_animation=&#8221;bottom-to-top&#8221;][vc_column_text]<div class=\"team-member\"><a href=\"https:\/\/hercing.com\/wp-content\/uploads\/2014\/03\/IMG_4215.jpg\" rel=\"prettyPhoto\" title=\"Sanacije\"><span class=\"item-on-hover\"><span class=\"hover-image\"><i class=\"fa fa-search\"><\/i><\/span><\/span><img alt=\"Sanacije\" class=\"lazy grayscale\" data-original=\"https:\/\/hercing.com\/wp-content\/uploads\/2014\/03\/IMG_4215.jpg\" width=\"640\"  height=\"480\" \/><\/a><div class=\"team-text\"><h3><span>Sanacije<\/span><\/h3><p>Izvodimo sanacije starih instalacija i adaptacije stanova, u starim zgradama. \r\nOd samog po\u010detka radimo i sanacije potkrovlja, odnosno prenamjenu tavanskih prostora u stambene, kako u zgradama, tako i u privatnim ku\u0107ama. <\/p><\/div><div class=\"team-social\"><\/div><\/div>[\/vc_column_text][\/vc_column_inner][\/vc_row_inner][\/vc_column][\/vc_row][vc_row dt_text_scheme=&#8221;darker-overlay&#8221; dt_no_mb=&#8221;no-margin&#8221; bg_image=&#8221;94&#8243; bg_color=&#8221;#000000&#8243; dt_color_opacity=&#8221;70&#8243; dt_padding_top=&#8221;100&#8243; dt_padding_bottom=&#8221;100&#8243;][vc_column][vc_row_inner][vc_column_inner]<h2 class=\"parallax-quote\">\"Perfection is achieved, not when there is nothing more to add, but when there is nothing left to take away.\"<\/h2><span class=\"quote-author\">ANTOINE DE SAINT-EXUP\u00c9RY<\/span>[\/vc_column_inner][\/vc_row_inner][\/vc_column][\/vc_row][vc_row dt_no_mb=&#8221;no-margin&#8221; bg_color=&#8221;#ffffff&#8221; dt_color_opacity=&#8221;100&#8243; dt_padding_bottom=&#8221;100&#8243;][vc_column]<div style=\"clear:both; width:100%; height:60px\"><\/div><div class=\"dt-title-wrapper\"><h1 class=\"section-title\">HERCING u brojevima<\/h1><\/div><div style=\"clear:both; width:100%; height:60px\"><\/div>[vc_row_inner][vc_column_inner width=&#8221;1\/4&#8243;]<div class=\"counter-wrapper\"><div class=\"counter-item no-border\"><span class=\"counter-number\" data-decimals=\"0\" data-from=\"1\" data-to=\"134\" data-speed=\"2000\"><\/span><span class=\"counter-text\">Izgra\u0111enih stambenih objekata<\/span><\/div><div class=\"clear\"><\/div><\/div>[\/vc_column_inner][vc_column_inner width=&#8221;1\/4&#8243;]<div class=\"counter-wrapper\"><div class=\"counter-item with-border\"><span class=\"counter-number\" data-decimals=\"0\" data-from=\"1\" data-to=\"75\" data-speed=\"2000\"><\/span><span class=\"counter-text\">Renoviranih objekata<\/span><\/div><div class=\"clear\"><\/div><\/div>[\/vc_column_inner][vc_column_inner width=&#8221;1\/4&#8243;]<div class=\"counter-wrapper\"><div class=\"counter-item with-border\"><span class=\"counter-number\" data-decimals=\"0\" data-from=\"1\" data-to=\"28\" data-speed=\"2000\"><\/span><span class=\"counter-text\">Sanacije<\/span><\/div><div class=\"clear\"><\/div><\/div>[\/vc_column_inner][vc_column_inner width=&#8221;1\/4&#8243;]<div class=\"counter-wrapper\"><div class=\"counter-item with-border\"><span class=\"counter-number\" data-decimals=\"0\" data-from=\"1\" data-to=\"12\" data-speed=\"2000\"><\/span><span class=\"counter-text\">Nagrada<\/span><\/div><div class=\"clear\"><\/div><\/div>[\/vc_column_inner][\/vc_row_inner][\/vc_column][\/vc_row][vc_row dt_text_scheme=&#8221;darker-overlay&#8221; dt_no_mb=&#8221;no-margin&#8221; bg_image=&#8221;113&#8243; bg_color=&#8221;#000000&#8243; dt_color_opacity=&#8221;70&#8243; dt_padding_top=&#8221;100&#8243; dt_padding_bottom=&#8221;100&#8243; dt_id=&#8221;contact&#8221;][vc_column][vc_row_inner][vc_column_inner]<div class=\"dt-title-wrapper\"><h1 class=\"section-title\">Kontakt<\/h1><\/div><div style=\"clear:both; width:100%; height:60px\"><\/div>[\/vc_column_inner][\/vc_row_inner][vc_row_inner el_id=&#8221;kontakt&#8221;][vc_column_inner width=&#8221;1\/2&#8243;][vc_column_text]<\/p>\n<ul class=\"contact-info\">\n<li><i class=\"fa fa-map-marker\"><\/i> Poligonska 3, Ilid\u017ea, 71000 Sarajevo, Bosna i Hercegovina<\/li>\n<li><i class=\"fa fa-phone\"><\/i> +378(0)33 781 305<\/li>\n<li><i class=\"fa fa-phone\"><\/i> +378(0)33 781 306<\/li>\n<li><i class=\"fa fa-envelope\"><\/i> <a href=\"mailto:\"> direkcija@hercing.com<\/a><\/li>\n<li><i class=\"fa fa-globe\"><\/i> <a href=\"#\">www.hercing.com<\/a><\/li>\n<\/ul>\n<p>[\/vc_column_text][\/vc_column_inner][vc_column_inner width=&#8221;1\/2&#8243;]\n<div class=\"wpcf7 no-js\" id=\"wpcf7-f69-o1\" lang=\"en-US\" dir=\"ltr\" data-wpcf7-id=\"69\">\n<div class=\"screen-reader-response\"><p role=\"status\" aria-live=\"polite\" aria-atomic=\"true\"><\/p> <ul><\/ul><\/div>\n<form action=\"\/index.php\/wp-json\/wp\/v2\/pages\/566#wpcf7-f69-o1\" method=\"post\" class=\"wpcf7-form init\" aria-label=\"Contact form\" novalidate=\"novalidate\" data-status=\"init\">\n<fieldset class=\"hidden-fields-container\"><input type=\"hidden\" name=\"_wpcf7\" value=\"69\" \/><input type=\"hidden\" name=\"_wpcf7_version\" value=\"6.1.5\" \/><input type=\"hidden\" name=\"_wpcf7_locale\" value=\"en_US\" \/><input type=\"hidden\" name=\"_wpcf7_unit_tag\" value=\"wpcf7-f69-o1\" \/><input type=\"hidden\" name=\"_wpcf7_container_post\" value=\"0\" \/><input type=\"hidden\" name=\"_wpcf7_posted_data_hash\" value=\"\" \/><input type=\"hidden\" name=\"_wpcf7_recaptcha_response\" value=\"\" \/>\n<\/fieldset>\n<div class=\"percent-one-half\"> <br \/>\n<span class=\"wpcf7-form-control-wrap\" data-name=\"your-name\"><input size=\"40\" maxlength=\"400\" class=\"wpcf7-form-control wpcf7-text wpcf7-validates-as-required\" aria-required=\"true\" aria-invalid=\"false\" placeholder=\"Ime\" value=\"\" type=\"text\" name=\"your-name\" \/><\/span><br \/>\n<\/div><br \/>\n<div class=\"percent-one-half column-last\"> <br \/>\n<span class=\"wpcf7-form-control-wrap\" data-name=\"your-email\"><input size=\"40\" maxlength=\"400\" class=\"wpcf7-form-control wpcf7-email wpcf7-validates-as-required wpcf7-text wpcf7-validates-as-email\" aria-required=\"true\" aria-invalid=\"false\" placeholder=\"Email\" value=\"\" type=\"email\" name=\"your-email\" \/><\/span><br \/>\n<\/div><br \/>\n<span class=\"wpcf7-form-control-wrap\" data-name=\"your-message\"><textarea cols=\"40\" rows=\"10\" maxlength=\"2000\" class=\"wpcf7-form-control wpcf7-textarea wpcf7-validates-as-required\" aria-required=\"true\" aria-invalid=\"false\" placeholder=\"Poruka\" name=\"your-message\"><\/textarea><\/span><br \/>\n<input class=\"wpcf7-form-control wpcf7-submit has-spinner button black\" type=\"submit\" value=\"Po\u0161alji\" \/>\n<\/p><div class=\"wpcf7-response-output\" aria-hidden=\"true\"><\/div>\n<\/form>\n<\/div>\n[\/vc_column_inner][\/vc_row_inner][\/vc_column][\/vc_row]<\/p>\n","protected":false},"excerpt":{"rendered":"<p>[vc_row dt_no_mb=&#8221;no-margin&#8221; bg_color=&#8221;#ffffff&#8221; dt_id=&#8221;hello&#8221;][vc_column][rev_slider_vc alias=&#8221;fullscreen-image-slider&#8221;][\/vc_column][\/vc_row][vc_row dt_no_mb=&#8221;no-margin&#8221; bg_color=&#8221;#fafafa&#8221; dt_padding_top=&#8221;100&#8243; dt_padding_bottom=&#8221;100&#8243; dt_id=&#8221;about&#8221; bg_image=&#8221;224&#8243;][vc_column][vc_row_inner][vc_column_inner][\/vc_column_inner][\/vc_row_inner][vc_row_inner][vc_column_inner width=&#8221;1\/3&#8243; css_animation=&#8221;bottom-to-top&#8221;][vc_column_text] GRADITE. Ukoliko ste odlu\u010dili da gradite novi objekat stambene ili poslovne namjene&#8230;<\/p>\n<p class=\"readmore\"><a class=\"more-btn\" href=\"https:\/\/hercing.com\/index.php\/member\/sanacije\/\">Read More<\/a><\/p>\n","protected":false},"author":1,"featured_media":0,"parent":0,"menu_order":0,"comment_status":"closed","ping_status":"closed","template":"template-homepage.php","meta":{"footnotes":""},"class_list":["post-566","page","type-page","status-publish","hentry"],"_links":{"self":[{"href":"https:\/\/hercing.com\/index.php\/wp-json\/wp\/v2\/pages\/566","targetHints":{"allow":["GET"]}}],"collection":[{"href":"https:\/\/hercing.com\/index.php\/wp-json\/wp\/v2\/pages"}],"about":[{"href":"https:\/\/hercing.com\/index.php\/wp-json\/wp\/v2\/types\/page"}],"author":[{"embeddable":true,"href":"https:\/\/hercing.com\/index.php\/wp-json\/wp\/v2\/users\/1"}],"replies":[{"embeddable":true,"href":"https:\/\/hercing.com\/index.php\/wp-json\/wp\/v2\/comments?post=566"}],"version-history":[{"count":3,"href":"https:\/\/hercing.com\/index.php\/wp-json\/wp\/v2\/pages\/566\/revisions"}],"predecessor-version":[{"id":570,"href":"https:\/\/hercing.com\/index.php\/wp-json\/wp\/v2\/pages\/566\/revisions\/570"}],"wp:attachment":[{"href":"https:\/\/hercing.com\/index.php\/wp-json\/wp\/v2\/media?parent=566"}],"curies":[{"name":"wp","href":"https:\/\/api.w.org\/{rel}","templated":true}]}}